{"id":33,"date":"2025-11-27T10:56:31","date_gmt":"2025-11-27T10:56:31","guid":{"rendered":"https:\/\/bloomspain.com\/?page_id=33"},"modified":"2025-12-12T11:53:01","modified_gmt":"2025-12-12T11:53:01","slug":"contact","status":"publish","type":"page","link":"https:\/\/bloomspain.com\/es\/contact\/","title":{"rendered":"Contacto"},"content":{"rendered":"<div data-elementor-type=\"wp-page\" data-elementor-id=\"33\" class=\"elementor elementor-33\" data-elementor-post-type=\"page\">\n\t\t\t\t<div class=\"elementor-element elementor-element-e7c54b0 e-flex e-con-boxed e-con e-parent\" data-id=\"e7c54b0\" data-element_type=\"container\" data-e-type=\"container\" data-settings=\"{&quot;background_background&quot;:&quot;classic&quot;}\">\n\t\t\t\t\t<div class=\"e-con-inner\">\n\t\t\t\t<div class=\"elementor-element elementor-element-e05d9af elementor-widget elementor-widget-heading\" data-id=\"e05d9af\" data-element_type=\"widget\" data-e-type=\"widget\" data-widget_type=\"heading.default\">\n\t\t\t\t\t<h2 class=\"elementor-heading-title elementor-size-default\">COntact Us<\/h2>\t\t\t\t<\/div>\n\t\t\t\t\t<\/div>\n\t\t\t\t<\/div>\n\t\t<div class=\"elementor-element elementor-element-1de3b367 e-flex e-con-boxed e-con e-parent\" data-id=\"1de3b367\" data-element_type=\"container\" data-e-type=\"container\" data-settings=\"{&quot;background_background&quot;:&quot;classic&quot;}\">\n\t\t\t\t\t<div class=\"e-con-inner\">\n\t\t<div class=\"elementor-element elementor-element-485fe3ef e-con-full e-flex e-con e-child\" data-id=\"485fe3ef\" data-element_type=\"container\" data-e-type=\"container\">\n\t\t<div class=\"elementor-element elementor-element-12645e16 e-con-full e-flex e-con e-child\" data-id=\"12645e16\" data-element_type=\"container\" data-e-type=\"container\">\n\t\t\t\t<div class=\"elementor-element elementor-element-17e8f4c elementor-widget elementor-widget-heading\" data-id=\"17e8f4c\" data-element_type=\"widget\" data-e-type=\"widget\" data-widget_type=\"heading.default\">\n\t\t\t\t\t<h2 class=\"elementor-heading-title elementor-size-default\">Tienes una pregunta o un proyecto?<\/h2>\t\t\t\t<\/div>\n\t\t\t\t<div class=\"elementor-element elementor-element-76a018d7 elementor-widget elementor-widget-heading\" data-id=\"76a018d7\" data-element_type=\"widget\" data-e-type=\"widget\" data-widget_type=\"heading.default\">\n\t\t\t\t\t<h2 class=\"elementor-heading-title elementor-size-default\"> Me encantar\u00eda saber de ti.<\/h2>\t\t\t\t<\/div>\n\t\t\t\t<div class=\"elementor-element elementor-element-5b91adad elementor-widget elementor-widget-text-editor\" data-id=\"5b91adad\" data-element_type=\"widget\" data-e-type=\"widget\" data-widget_type=\"text-editor.default\">\n\t\t\t\t\t\t\t\t\t<p>Tanto si tienes una pregunta, una idea o un proyecto completo en mente, estoy aqu\u00ed para ayudarte. Env\u00edame un mensaje y me pondr\u00e9 en contacto contigo lo antes posible.<\/p><h4><strong>Correo: <span style=\"text-decoration: underline;\"><a href=\"mailto:info@bloomspain.com\">info@bloomspain.com<\/a><\/span><\/strong><br \/><strong>Tel: <span style=\"text-decoration: underline;\">(+34) 673 073 168<\/span><\/strong><\/h4><h3 data-start=\"1155\" data-end=\"1173\">\u00a0<\/h3>\t\t\t\t\t\t\t\t<\/div>\n\t\t\t\t<div class=\"elementor-element elementor-element-ef9aaeb elementor-widget elementor-widget-image\" data-id=\"ef9aaeb\" data-element_type=\"widget\" data-e-type=\"widget\" data-widget_type=\"image.default\">\n\t\t\t\t\t\t\t\t\t\t\t\t\t\t\t<img fetchpriority=\"high\" decoding=\"async\" width=\"800\" height=\"601\" src=\"https:\/\/bloomspain.com\/wp-content\/uploads\/2025\/12\/Denise-Behind-Desk-7_Bloom-Office-Almunecar_Webdesign-and-Digital-Marketing-1024x769.jpg\" class=\"attachment-large size-large wp-image-1904\" alt=\"Contact us. Denise Behind Desk 7_Bloom Office Almun\u0303ecar_Webdesign and Digital Marketing\" srcset=\"https:\/\/bloomspain.com\/wp-content\/uploads\/2025\/12\/Denise-Behind-Desk-7_Bloom-Office-Almunecar_Webdesign-and-Digital-Marketing-1024x769.jpg 1024w, https:\/\/bloomspain.com\/wp-content\/uploads\/2025\/12\/Denise-Behind-Desk-7_Bloom-Office-Almunecar_Webdesign-and-Digital-Marketing-300x225.jpg 300w, https:\/\/bloomspain.com\/wp-content\/uploads\/2025\/12\/Denise-Behind-Desk-7_Bloom-Office-Almunecar_Webdesign-and-Digital-Marketing-768x577.jpg 768w, https:\/\/bloomspain.com\/wp-content\/uploads\/2025\/12\/Denise-Behind-Desk-7_Bloom-Office-Almunecar_Webdesign-and-Digital-Marketing-1536x1154.jpg 1536w, https:\/\/bloomspain.com\/wp-content\/uploads\/2025\/12\/Denise-Behind-Desk-7_Bloom-Office-Almunecar_Webdesign-and-Digital-Marketing.jpg 2000w\" sizes=\"(max-width: 800px) 100vw, 800px\" \/>\t\t\t\t\t\t\t\t\t\t\t\t\t\t\t<\/div>\n\t\t\t\t<\/div>\n\t\t<div class=\"elementor-element elementor-element-11e996a4 e-con-full e-flex e-con e-child\" data-id=\"11e996a4\" data-element_type=\"container\" data-e-type=\"container\">\n\t\t\t\t<div class=\"elementor-element elementor-element-295460c elementor-widget elementor-widget-heading\" data-id=\"295460c\" data-element_type=\"widget\" data-e-type=\"widget\" data-widget_type=\"heading.default\">\n\t\t\t\t\t<h2 class=\"elementor-heading-title elementor-size-default\">O completa el formulario y te responder\u00e9 lo antes posible.<\/h2>\t\t\t\t<\/div>\n\t\t\t\t<div class=\"elementor-element elementor-element-98b06f0 elementor-widget elementor-widget-shortcode\" data-id=\"98b06f0\" data-element_type=\"widget\" data-e-type=\"widget\" data-widget_type=\"shortcode.default\">\n\t\t\t\t\t\t\t<div class=\"elementor-shortcode\">\n<div class=\"wpcf7 no-js\" id=\"wpcf7-f2878-o1\" lang=\"nl-NL\" dir=\"ltr\" data-wpcf7-id=\"2878\">\n<div class=\"screen-reader-response\"><p role=\"status\" aria-live=\"polite\" aria-atomic=\"true\"><\/p> <ul><\/ul><\/div>\n<form action=\"\/es\/wp-json\/wp\/v2\/pages\/33#wpcf7-f2878-o1\" method=\"post\" class=\"wpcf7-form init\" aria-label=\"Contactformulier\" novalidate=\"novalidate\" data-status=\"init\" data-trp-original-action=\"\/es\/wp-json\/wp\/v2\/pages\/33#wpcf7-f2878-o1\">\n<fieldset class=\"hidden-fields-container\"><input type=\"hidden\" name=\"_wpcf7\" value=\"2878\" \/><input type=\"hidden\" name=\"_wpcf7_version\" value=\"6.1.5\" \/><input type=\"hidden\" name=\"_wpcf7_locale\" value=\"nl_NL\" \/><input type=\"hidden\" name=\"_wpcf7_unit_tag\" value=\"wpcf7-f2878-o1\" \/><input type=\"hidden\" name=\"_wpcf7_container_post\" value=\"0\" \/><input type=\"hidden\" name=\"_wpcf7_posted_data_hash\" value=\"\" \/>\n<\/fieldset>\n<div class=\"bloom-form-wrapper\">\n\t<div class=\"bloom-field\">\n\t\t<p><label>Nombre<\/label><br \/>\n<span class=\"wpcf7-form-control-wrap\" data-name=\"your-name\"><input size=\"40\" maxlength=\"400\" class=\"wpcf7-form-control wpcf7-text\" aria-invalid=\"false\" placeholder=\"Tu nombre completo\" value=\"\" type=\"text\" name=\"your-name\" \/><\/span>\n\t\t<\/p>\n\t<\/div>\n\t<div class=\"bloom-field\">\n\t\t<p><label>Email address <span class=\"required\">*<\/span><\/label><br \/>\n<span class=\"wpcf7-form-control-wrap\" data-name=\"your-email\"><input size=\"40\" maxlength=\"400\" class=\"wpcf7-form-control wpcf7-email wpcf7-validates-as-required wpcf7-text wpcf7-validates-as-email\" aria-required=\"true\" aria-invalid=\"false\" placeholder=\"you@example.com\" value=\"\" type=\"email\" name=\"your-email\" \/><\/span>\n\t\t<\/p>\n\t<\/div>\n\t<div class=\"bloom-field\">\n\t\t<p><label>Your message <span class=\"required\">*<\/span><\/label><br \/>\n<span class=\"wpcf7-form-control-wrap\" data-name=\"your-message\"><textarea cols=\"40\" rows=\"10\" maxlength=\"2000\" class=\"wpcf7-form-control wpcf7-textarea wpcf7-validates-as-required\" aria-required=\"true\" aria-invalid=\"false\" placeholder=\"Cu\u00e9ntame sobre tu proyecto, ideas o preguntas\u2026\" name=\"your-message\"><\/textarea><\/span>\n\t\t<\/p>\n\t<\/div>\n\t<div class=\"bloom-field bloom-consent\">\n\t\t<p><span class=\"wpcf7-form-control-wrap\" data-name=\"privacy-consent\"><span class=\"wpcf7-form-control wpcf7-checkbox wpcf7-validates-as-required\"><span class=\"wpcf7-list-item first last\"><label><input type=\"checkbox\" name=\"privacy-consent[]\" value=\"I agree to send my information through this form.\" \/><span class=\"wpcf7-list-item-label\">Acepto enviar mi informaci\u00f3n a trav\u00e9s de este formulario.<\/span><\/label><\/span><\/span><\/span>\n\t\t<\/p>\n\t<\/div>\n\t<div class=\"bloom-submit\">\n\t\t<p><input class=\"wpcf7-form-control wpcf7-submit has-spinner\" type=\"submit\" value=\"Enviar mensaje \u2192\" \/>\n\t\t<\/p>\n\t<\/div>\n<\/div><div class=\"wpcf7-response-output\" aria-hidden=\"true\"><\/div>\n<input type=\"hidden\" name=\"trp-form-language\" value=\"es\"\/><\/form>\n<\/div>\n<\/div>\n\t\t\t\t\t\t<\/div>\n\t\t\t\t<\/div>\n\t\t\t\t<\/div>\n\t\t\t\t\t<\/div>\n\t\t\t\t<\/div>\n\t\t<div class=\"elementor-element elementor-element-c54d321 e-flex e-con-boxed e-con e-parent\" data-id=\"c54d321\" data-element_type=\"container\" data-e-type=\"container\">\n\t\t\t\t\t<div class=\"e-con-inner\">\n\t\t\t\t<div class=\"elementor-element elementor-element-3e2fd3c elementor-widget elementor-widget-google_maps\" data-id=\"3e2fd3c\" data-element_type=\"widget\" data-e-type=\"widget\" data-widget_type=\"google_maps.default\">\n\t\t\t\t\t\t\t<div class=\"elementor-custom-embed\">\n\t\t\t<iframe loading=\"lazy\"\n\t\t\t\t\tsrc=\"https:\/\/maps.google.com\/maps?q=bloom%20spain%20almunecar&#038;t=m&#038;z=6&#038;output=embed&#038;iwloc=near\"\n\t\t\t\t\ttitle=\"bloom spain almunecar\"\n\t\t\t\t\taria-label=\"bloom spain almunecar\"\n\t\t\t><\/iframe>\n\t\t<\/div>\n\t\t\t\t\t\t<\/div>\n\t\t\t\t\t<\/div>\n\t\t\t\t<\/div>\n\t\t<div class=\"elementor-element elementor-element-75152050 e-flex e-con-boxed e-con e-parent\" data-id=\"75152050\" data-element_type=\"container\" data-e-type=\"container\">\n\t\t\t\t\t<div class=\"e-con-inner\">\n\t\t<div class=\"elementor-element elementor-element-5cd87190 e-con-full e-flex e-con e-child\" data-id=\"5cd87190\" data-element_type=\"container\" data-e-type=\"container\">\n\t\t\t\t<div class=\"elementor-element elementor-element-23308c0 elementor-widget elementor-widget-image\" data-id=\"23308c0\" data-element_type=\"widget\" data-e-type=\"widget\" data-widget_type=\"image.default\">\n\t\t\t\t\t\t\t\t\t\t\t\t\t\t\t\t<a href=\"https:\/\/bloomspain.com\/es\/ride-southern-spain\/\">\n\t\t\t\t\t\t\t<img decoding=\"async\" width=\"800\" height=\"394\" src=\"https:\/\/bloomspain.com\/wp-content\/uploads\/2025\/12\/Mock-up-Ride-Southern-Spain_V1-1024x504.png\" class=\"attachment-large size-large wp-image-1485\" alt=\"Mock up Ride Southern Spain_V1\" srcset=\"https:\/\/bloomspain.com\/wp-content\/uploads\/2025\/12\/Mock-up-Ride-Southern-Spain_V1-1024x504.png 1024w, https:\/\/bloomspain.com\/wp-content\/uploads\/2025\/12\/Mock-up-Ride-Southern-Spain_V1-300x148.png 300w, https:\/\/bloomspain.com\/wp-content\/uploads\/2025\/12\/Mock-up-Ride-Southern-Spain_V1-768x378.png 768w, https:\/\/bloomspain.com\/wp-content\/uploads\/2025\/12\/Mock-up-Ride-Southern-Spain_V1-1536x756.png 1536w, https:\/\/bloomspain.com\/wp-content\/uploads\/2025\/12\/Mock-up-Ride-Southern-Spain_V1-2048x1008.png 2048w\" sizes=\"(max-width: 800px) 100vw, 800px\" \/>\t\t\t\t\t\t\t\t<\/a>\n\t\t\t\t\t\t\t\t\t\t\t\t\t\t\t<\/div>\n\t\t\t\t<div class=\"elementor-element elementor-element-44310e39 elementor-widget elementor-widget-heading\" data-id=\"44310e39\" data-element_type=\"widget\" data-e-type=\"widget\" data-widget_type=\"heading.default\">\n\t\t\t\t\t<h2 class=\"elementor-heading-title elementor-size-default\">Ride southern spain<\/h2>\t\t\t\t<\/div>\n\t\t\t\t<div class=\"elementor-element elementor-element-187b5d18 elementor-widget elementor-widget-text-editor\" data-id=\"187b5d18\" data-element_type=\"widget\" data-e-type=\"widget\" data-widget_type=\"text-editor.default\">\n\t\t\t\t\t\t\t\t\t<p data-start=\"250\" data-end=\"432\" class=\"translation-block\">Una renovaci\u00f3n de su sitio web y marca existentes. <br><br><strong>Nuestro trabajo:<\/strong><br>\nEstrategia web \u2022 Copywriting \u2022 Actualizaci\u00f3n de branding \u2022 Soporte continuo en redes sociales y administraci\u00f3n <br><br><strong>Junto con otra empresa:<\/strong> Dise\u00f1o y desarrollo en WordPress<\/p><p data-start=\"250\" data-end=\"432\">\u00a0<\/p>\t\t\t\t\t\t\t\t<\/div>\n\t\t\t\t<div class=\"elementor-element elementor-element-74cccf95 elementor-mobile-align-center elementor-align-center elementor-widget elementor-widget-button\" data-id=\"74cccf95\" data-element_type=\"widget\" data-e-type=\"widget\" data-widget_type=\"button.default\">\n\t\t\t\t\t\t\t\t\t\t<a class=\"elementor-button elementor-button-link elementor-size-sm\" href=\"https:\/\/bloomspain.com\/es\/ride-southern-spain\/\" target=\"_blank\">\n\t\t\t\t\t\t<span class=\"elementor-button-content-wrapper\">\n\t\t\t\t\t\t\t\t\t<span class=\"elementor-button-text\">ver proyecto \u279d<\/span>\n\t\t\t\t\t<\/span>\n\t\t\t\t\t<\/a>\n\t\t\t\t\t\t\t\t<\/div>\n\t\t\t\t<\/div>\n\t\t<div class=\"elementor-element elementor-element-6aecc2d9 e-con-full e-flex e-con e-child\" data-id=\"6aecc2d9\" data-element_type=\"container\" data-e-type=\"container\">\n\t\t\t\t<div class=\"elementor-element elementor-element-274ff9b2 elementor-widget elementor-widget-image\" data-id=\"274ff9b2\" data-element_type=\"widget\" data-e-type=\"widget\" data-widget_type=\"image.default\">\n\t\t\t\t\t\t\t\t\t\t\t\t\t\t\t<img decoding=\"async\" width=\"800\" height=\"394\" src=\"https:\/\/bloomspain.com\/wp-content\/uploads\/2025\/11\/Beige-Mock-up-Instagram-Post-Website-Live-Launch-2194-x-1080-px-1-1024x504.png\" class=\"attachment-large size-large wp-image-161\" alt=\"Responsive WordPress web design for small businesses in Spain\" srcset=\"https:\/\/bloomspain.com\/wp-content\/uploads\/2025\/11\/Beige-Mock-up-Instagram-Post-Website-Live-Launch-2194-x-1080-px-1-1024x504.png 1024w, https:\/\/bloomspain.com\/wp-content\/uploads\/2025\/11\/Beige-Mock-up-Instagram-Post-Website-Live-Launch-2194-x-1080-px-1-300x148.png 300w, https:\/\/bloomspain.com\/wp-content\/uploads\/2025\/11\/Beige-Mock-up-Instagram-Post-Website-Live-Launch-2194-x-1080-px-1-768x378.png 768w, https:\/\/bloomspain.com\/wp-content\/uploads\/2025\/11\/Beige-Mock-up-Instagram-Post-Website-Live-Launch-2194-x-1080-px-1-1536x756.png 1536w, https:\/\/bloomspain.com\/wp-content\/uploads\/2025\/11\/Beige-Mock-up-Instagram-Post-Website-Live-Launch-2194-x-1080-px-1-2048x1008.png 2048w\" sizes=\"(max-width: 800px) 100vw, 800px\" \/>\t\t\t\t\t\t\t\t\t\t\t\t\t\t\t<\/div>\n\t\t\t\t<div class=\"elementor-element elementor-element-38153956 elementor-widget elementor-widget-heading\" data-id=\"38153956\" data-element_type=\"widget\" data-e-type=\"widget\" data-widget_type=\"heading.default\">\n\t\t\t\t\t<h2 class=\"elementor-heading-title elementor-size-default\">mountain view lanjaron<\/h2>\t\t\t\t<\/div>\n\t\t\t\t<div class=\"elementor-element elementor-element-6a84900c elementor-widget elementor-widget-text-editor\" data-id=\"6a84900c\" data-element_type=\"widget\" data-e-type=\"widget\" data-widget_type=\"text-editor.default\">\n\t\t\t\t\t\t\t\t\t<p data-start=\"471\" data-end=\"655\" class=\"translation-block\">Un sitio web de una sola p\u00e1gina, c\u00e1lido y minimalista, que muestra la villa de un vistazo \u2014 habitaciones, instalaciones, ubicaci\u00f3n y enlaces de reserva. <br><br><strong>Nuestro trabajo:<\/strong><br>\nEstrategia web \u2022 Dise\u00f1o y desarrollo en WordPress \u2022 Copywriting \u2022 Branding \u2022 Soporte continuo en redes sociales y administraci\u00f3n<\/p>\t\t\t\t\t\t\t\t<\/div>\n\t\t\t\t<div class=\"elementor-element elementor-element-479a8d6a elementor-mobile-align-center elementor-align-center elementor-widget elementor-widget-button\" data-id=\"479a8d6a\" data-element_type=\"widget\" data-e-type=\"widget\" data-widget_type=\"button.default\">\n\t\t\t\t\t\t\t\t\t\t<a class=\"elementor-button elementor-button-link elementor-size-sm\" href=\"https:\/\/bloomspain.com\/es\/mountain-view-lanjaron\/\">\n\t\t\t\t\t\t<span class=\"elementor-button-content-wrapper\">\n\t\t\t\t\t\t\t\t\t<span class=\"elementor-button-text\">ver proyecto \u279d<\/span>\n\t\t\t\t\t<\/span>\n\t\t\t\t\t<\/a>\n\t\t\t\t\t\t\t\t<\/div>\n\t\t\t\t<\/div>\n\t\t<div class=\"elementor-element elementor-element-1735b8a e-con-full e-flex e-con e-child\" data-id=\"1735b8a\" data-element_type=\"container\" data-e-type=\"container\">\n\t\t\t\t<div class=\"elementor-element elementor-element-693b817f elementor-widget elementor-widget-image\" data-id=\"693b817f\" data-element_type=\"widget\" data-e-type=\"widget\" data-widget_type=\"image.default\">\n\t\t\t\t\t\t\t\t\t\t\t\t\t\t\t<img decoding=\"async\" width=\"800\" height=\"394\" src=\"https:\/\/bloomspain.com\/wp-content\/uploads\/2025\/11\/Beige-Mock-up-Instagram-Post-Website-Live-Launch-2194-x-1080-px-1-1024x504.png\" class=\"attachment-large size-large wp-image-161\" alt=\"Responsive WordPress web design for small businesses in Spain\" srcset=\"https:\/\/bloomspain.com\/wp-content\/uploads\/2025\/11\/Beige-Mock-up-Instagram-Post-Website-Live-Launch-2194-x-1080-px-1-1024x504.png 1024w, https:\/\/bloomspain.com\/wp-content\/uploads\/2025\/11\/Beige-Mock-up-Instagram-Post-Website-Live-Launch-2194-x-1080-px-1-300x148.png 300w, https:\/\/bloomspain.com\/wp-content\/uploads\/2025\/11\/Beige-Mock-up-Instagram-Post-Website-Live-Launch-2194-x-1080-px-1-768x378.png 768w, https:\/\/bloomspain.com\/wp-content\/uploads\/2025\/11\/Beige-Mock-up-Instagram-Post-Website-Live-Launch-2194-x-1080-px-1-1536x756.png 1536w, https:\/\/bloomspain.com\/wp-content\/uploads\/2025\/11\/Beige-Mock-up-Instagram-Post-Website-Live-Launch-2194-x-1080-px-1-2048x1008.png 2048w\" sizes=\"(max-width: 800px) 100vw, 800px\" \/>\t\t\t\t\t\t\t\t\t\t\t\t\t\t\t<\/div>\n\t\t\t\t<div class=\"elementor-element elementor-element-9d72414 elementor-widget elementor-widget-heading\" data-id=\"9d72414\" data-element_type=\"widget\" data-e-type=\"widget\" data-widget_type=\"heading.default\">\n\t\t\t\t\t<h2 class=\"elementor-heading-title elementor-size-default\">ride trans nevada<\/h2>\t\t\t\t<\/div>\n\t\t\t\t<div class=\"elementor-element elementor-element-5640b727 elementor-widget elementor-widget-text-editor\" data-id=\"5640b727\" data-element_type=\"widget\" data-e-type=\"widget\" data-widget_type=\"text-editor.default\">\n\t\t\t\t\t\t\t\t\t<p class=\"translation-block\">Un sitio web de lanzamiento para un producto completamente nuevo: una ruta ciclista de varios d\u00edas en Sierra Nevada. <br><br><strong>Nuestro trabajo:<\/strong><br>\nEstrategia web \u2022 Dise\u00f1o y desarrollo en WordPress \u2022 Copywriting \u2022 Branding \u2022 Soporte continuo en redes sociales y administraci\u00f3n<\/p>\t\t\t\t\t\t\t\t<\/div>\n\t\t\t\t<div class=\"elementor-element elementor-element-748039b elementor-mobile-align-center elementor-align-center elementor-widget elementor-widget-button\" data-id=\"748039b\" data-element_type=\"widget\" data-e-type=\"widget\" data-widget_type=\"button.default\">\n\t\t\t\t\t\t\t\t\t\t<a class=\"elementor-button elementor-button-link elementor-size-sm\" href=\"https:\/\/bloomspain.com\/es\/ride-trans-nevada\/\" target=\"_blank\">\n\t\t\t\t\t\t<span class=\"elementor-button-content-wrapper\">\n\t\t\t\t\t\t\t\t\t<span class=\"elementor-button-text\">ver proyecto \u279d<\/span>\n\t\t\t\t\t<\/span>\n\t\t\t\t\t<\/a>\n\t\t\t\t\t\t\t\t<\/div>\n\t\t\t\t<\/div>\n\t\t\t\t\t<\/div>\n\t\t\t\t<\/div>\n\t\t\t\t<\/div>","protected":false},"excerpt":{"rendered":"<p>COntact Us Got a question or a project? I\u2019d love to hear from you. Whether you have a question, an idea or a full project in mind, I\u00b4m here to help. Send a message and I\u2019ll get back to you as soon as possible. Email: info@bloomspain.comTel: (+34) 673 073 168 \u00a0 or Fill in the [&hellip;]<\/p>\n","protected":false},"author":1,"featured_media":0,"parent":0,"menu_order":0,"comment_status":"closed","ping_status":"closed","template":"","meta":{"footnotes":""},"class_list":["post-33","page","type-page","status-publish","hentry"],"_links":{"self":[{"href":"https:\/\/bloomspain.com\/es\/wp-json\/wp\/v2\/pages\/33","targetHints":{"allow":["GET"]}}],"collection":[{"href":"https:\/\/bloomspain.com\/es\/wp-json\/wp\/v2\/pages"}],"about":[{"href":"https:\/\/bloomspain.com\/es\/wp-json\/wp\/v2\/types\/page"}],"author":[{"embeddable":true,"href":"https:\/\/bloomspain.com\/es\/wp-json\/wp\/v2\/users\/1"}],"replies":[{"embeddable":true,"href":"https:\/\/bloomspain.com\/es\/wp-json\/wp\/v2\/comments?post=33"}],"version-history":[{"count":91,"href":"https:\/\/bloomspain.com\/es\/wp-json\/wp\/v2\/pages\/33\/revisions"}],"predecessor-version":[{"id":3053,"href":"https:\/\/bloomspain.com\/es\/wp-json\/wp\/v2\/pages\/33\/revisions\/3053"}],"wp:attachment":[{"href":"https:\/\/bloomspain.com\/es\/wp-json\/wp\/v2\/media?parent=33"}],"curies":[{"name":"wp","href":"https:\/\/api.w.org\/{rel}","templated":true}]}}