{"id":23,"date":"2025-11-27T10:55:33","date_gmt":"2025-11-27T10:55:33","guid":{"rendered":"https:\/\/bloomspain.com\/?page_id=23"},"modified":"2025-12-12T11:40:34","modified_gmt":"2025-12-12T11:40:34","slug":"services","status":"publish","type":"page","link":"https:\/\/bloomspain.com\/es\/services\/","title":{"rendered":"Servicios"},"content":{"rendered":"<div data-elementor-type=\"wp-page\" data-elementor-id=\"23\" class=\"elementor elementor-23\" data-elementor-post-type=\"page\">\n\t\t\t\t<div class=\"elementor-element elementor-element-13bf397 e-flex e-con-boxed e-con e-parent\" data-id=\"13bf397\" data-element_type=\"container\" data-e-type=\"container\" data-settings=\"{&quot;background_background&quot;:&quot;classic&quot;}\">\n\t\t\t\t\t<div class=\"e-con-inner\">\n\t\t\t\t<div class=\"elementor-element elementor-element-160d15b elementor-invisible elementor-widget elementor-widget-heading\" data-id=\"160d15b\" data-element_type=\"widget\" data-e-type=\"widget\" data-settings=\"{&quot;_animation&quot;:&quot;fadeInUp&quot;}\" data-widget_type=\"heading.default\">\n\t\t\t\t\t<h1 class=\"elementor-heading-title elementor-size-default\">Web Design and Digital Marketing services, working with small businesses across the Costa Tropical.\n<\/h1>\t\t\t\t<\/div>\n\t\t\t\t<div class=\"elementor-element elementor-element-7d82e8c elementor-invisible elementor-widget elementor-widget-heading\" data-id=\"7d82e8c\" data-element_type=\"widget\" data-e-type=\"widget\" data-settings=\"{&quot;_animation&quot;:&quot;fadeInUp&quot;}\" data-widget_type=\"heading.default\">\n\t\t\t\t\t<h2 class=\"elementor-heading-title elementor-size-default\">Nuestros servicios<\/h2>\t\t\t\t<\/div>\n\t\t\t\t\t<\/div>\n\t\t\t\t<\/div>\n\t\t<div class=\"elementor-element elementor-element-2f319e9 e-flex e-con-boxed e-con e-parent\" data-id=\"2f319e9\" data-element_type=\"container\" data-e-type=\"container\" data-settings=\"{&quot;background_background&quot;:&quot;classic&quot;}\">\n\t\t\t\t\t<div class=\"e-con-inner\">\n\t\t<div class=\"elementor-element elementor-element-16ee98c6 e-con-full e-flex e-con e-child\" data-id=\"16ee98c6\" data-element_type=\"container\" data-e-type=\"container\">\n\t\t\t\t<div class=\"elementor-element elementor-element-31612fe1 elementor-widget elementor-widget-image\" data-id=\"31612fe1\" data-element_type=\"widget\" data-e-type=\"widget\" data-widget_type=\"image.default\">\n\t\t\t\t\t\t\t\t\t\t\t\t\t\t\t\t<a href=\"https:\/\/bloomspain.com\/es\/websites\/\" target=\"_blank\">\n\t\t\t\t\t\t\t<img fetchpriority=\"high\" decoding=\"async\" width=\"800\" height=\"394\" src=\"https:\/\/bloomspain.com\/wp-content\/uploads\/2025\/12\/Mock-up-Bloom-Spain_V1-1024x504.png\" class=\"attachment-large size-large wp-image-2120\" alt=\"Web Design Almu\u00f1\u00e9car - Mock up Bloom Spain_V1\" srcset=\"https:\/\/bloomspain.com\/wp-content\/uploads\/2025\/12\/Mock-up-Bloom-Spain_V1-1024x504.png 1024w, https:\/\/bloomspain.com\/wp-content\/uploads\/2025\/12\/Mock-up-Bloom-Spain_V1-300x148.png 300w, https:\/\/bloomspain.com\/wp-content\/uploads\/2025\/12\/Mock-up-Bloom-Spain_V1-768x378.png 768w, https:\/\/bloomspain.com\/wp-content\/uploads\/2025\/12\/Mock-up-Bloom-Spain_V1-1536x756.png 1536w, https:\/\/bloomspain.com\/wp-content\/uploads\/2025\/12\/Mock-up-Bloom-Spain_V1-2048x1008.png 2048w\" sizes=\"(max-width: 800px) 100vw, 800px\" \/>\t\t\t\t\t\t\t\t<\/a>\n\t\t\t\t\t\t\t\t\t\t\t\t\t\t\t<\/div>\n\t\t\t\t<div class=\"elementor-element elementor-element-2d52b3e elementor-widget elementor-widget-heading\" data-id=\"2d52b3e\" data-element_type=\"widget\" data-e-type=\"widget\" data-widget_type=\"heading.default\">\n\t\t\t\t\t<h2 class=\"elementor-heading-title elementor-size-default\">Dise\u00f1o web en WordPress<\/h2>\t\t\t\t<\/div>\n\t\t\t\t<div class=\"elementor-element elementor-element-62682924 elementor-widget elementor-widget-text-editor\" data-id=\"62682924\" data-element_type=\"widget\" data-e-type=\"widget\" data-widget_type=\"text-editor.default\">\n\t\t\t\t\t\t\t\t\t<p data-start=\"933\" data-end=\"1161\" class=\"translation-block\"><strong>Limpias, r\u00e1pidas y hechas con sentido.<br><br><\/strong>\nTu web debe verse bien \u2014 pero lo m\u00e1s importante es que <em>funcione<\/em>. Navegaci\u00f3n clara, una estructura s\u00f3lida, dise\u00f1o adaptable a m\u00f3vil (responsive) y creada para que entiendas lo que ocurre detr\u00e1s de escena.<\/p><p data-start=\"1444\" data-end=\"1523\" class=\"translation-block\"><strong>Perfecto para:<\/strong> peque\u00f1os negocios, aut\u00f3nomos, emprendedores, nuevas p\u00e1ginas web o redise\u00f1os.<\/p><p data-start=\"1444\" data-end=\"1523\" class=\"translation-block\"><strong>Precios desde:<\/strong> 899\u20ac + IVA (21%).<\/p><p data-start=\"250\" data-end=\"432\">\u00a0<\/p>\t\t\t\t\t\t\t\t<\/div>\n\t\t\t\t<div class=\"elementor-element elementor-element-fc8d70a elementor-mobile-align-center elementor-align-center elementor-widget elementor-widget-button\" data-id=\"fc8d70a\" data-element_type=\"widget\" data-e-type=\"widget\" data-widget_type=\"button.default\">\n\t\t\t\t\t\t\t\t\t\t<a class=\"elementor-button elementor-button-link elementor-size-sm\" href=\"https:\/\/bloomspain.com\/es\/websites\/\" target=\"_blank\">\n\t\t\t\t\t\t<span class=\"elementor-button-content-wrapper\">\n\t\t\t\t\t\t\t\t\t<span class=\"elementor-button-text\">M\u00c1S INFORMACI\u00d3N \u279d<\/span>\n\t\t\t\t\t<\/span>\n\t\t\t\t\t<\/a>\n\t\t\t\t\t\t\t\t<\/div>\n\t\t\t\t<div class=\"elementor-element elementor-element-3ec8cdd6 elementor-mobile-align-center elementor-align-center elementor-widget elementor-widget-button\" data-id=\"3ec8cdd6\" data-element_type=\"widget\" data-e-type=\"widget\" data-widget_type=\"button.default\">\n\t\t\t\t\t\t\t\t\t\t<a class=\"elementor-button elementor-button-link elementor-size-sm\" href=\"mailto:info@bloomspain.com\" target=\"_blank\">\n\t\t\t\t\t\t<span class=\"elementor-button-content-wrapper\">\n\t\t\t\t\t\t\t\t\t<span class=\"elementor-button-text\">Empieza tu proyecto web \u279d<\/span>\n\t\t\t\t\t<\/span>\n\t\t\t\t\t<\/a>\n\t\t\t\t\t\t\t\t<\/div>\n\t\t\t\t<\/div>\n\t\t<div class=\"elementor-element elementor-element-f347759 e-con-full e-flex e-con e-child\" data-id=\"f347759\" data-element_type=\"container\" data-e-type=\"container\">\n\t\t\t\t<div class=\"elementor-element elementor-element-2b085923 elementor-widget elementor-widget-image\" data-id=\"2b085923\" data-element_type=\"widget\" data-e-type=\"widget\" data-widget_type=\"image.default\">\n\t\t\t\t\t\t\t\t\t\t\t\t\t\t\t<img decoding=\"async\" width=\"800\" height=\"394\" src=\"https:\/\/bloomspain.com\/wp-content\/uploads\/2025\/12\/Mock-up-SEO_V1-1024x504.png\" class=\"attachment-large size-large wp-image-2211\" alt=\"Mock up SEO_V1\" srcset=\"https:\/\/bloomspain.com\/wp-content\/uploads\/2025\/12\/Mock-up-SEO_V1-1024x504.png 1024w, https:\/\/bloomspain.com\/wp-content\/uploads\/2025\/12\/Mock-up-SEO_V1-300x148.png 300w, https:\/\/bloomspain.com\/wp-content\/uploads\/2025\/12\/Mock-up-SEO_V1-768x378.png 768w, https:\/\/bloomspain.com\/wp-content\/uploads\/2025\/12\/Mock-up-SEO_V1-1536x756.png 1536w, https:\/\/bloomspain.com\/wp-content\/uploads\/2025\/12\/Mock-up-SEO_V1-2048x1008.png 2048w\" sizes=\"(max-width: 800px) 100vw, 800px\" \/>\t\t\t\t\t\t\t\t\t\t\t\t\t\t\t<\/div>\n\t\t\t\t<div class=\"elementor-element elementor-element-73df3cc elementor-widget elementor-widget-heading\" data-id=\"73df3cc\" data-element_type=\"widget\" data-e-type=\"widget\" data-widget_type=\"heading.default\">\n\t\t\t\t\t<h2 class=\"elementor-heading-title elementor-size-default\">SEO (Posicionamiento en buscadores)<\/h2>\t\t\t\t<\/div>\n\t\t\t\t<div class=\"elementor-element elementor-element-9f9026c elementor-mobile-align-center elementor-align-center elementor-widget elementor-widget-button\" data-id=\"9f9026c\" data-element_type=\"widget\" data-e-type=\"widget\" data-widget_type=\"button.default\">\n\t\t\t\t\t\t\t\t\t\t<a class=\"elementor-button elementor-button-link elementor-size-sm\" href=\"https:\/\/bloomspain.com\/es\/digital-marketing\/\" target=\"_blank\">\n\t\t\t\t\t\t<span class=\"elementor-button-content-wrapper\">\n\t\t\t\t\t\t\t\t\t<span class=\"elementor-button-text\">M\u00c1S INFORMACI\u00d3N \u279d<\/span>\n\t\t\t\t\t<\/span>\n\t\t\t\t\t<\/a>\n\t\t\t\t\t\t\t\t<\/div>\n\t\t\t\t<div class=\"elementor-element elementor-element-441ba82d elementor-widget elementor-widget-text-editor\" data-id=\"441ba82d\" data-element_type=\"widget\" data-e-type=\"widget\" data-widget_type=\"text-editor.default\">\n\t\t\t\t\t\t\t\t\t<p data-start=\"471\" data-end=\"655\"><strong>Que te encuentren las personas que te est\u00e1n buscando.<\/strong><\/p><p data-start=\"471\" data-end=\"655\">El SEO no tiene por qu\u00e9 ser complicado. Nos centramos en mejoras pr\u00e1cticas que de verdad marcan la diferencia: una estructura clara, palabras clave que encajan con tu p\u00fablico y webs que Google quiere mostrar.\u00a0<strong><br \/><\/strong><\/p><p data-start=\"744\" data-end=\"851\" class=\"translation-block\"><strong>Perfecto para:<\/strong> peque\u00f1os negocios, servicios locales, emprendedores y webs que necesitan m\u00e1s visibilidad.<\/p><p data-start=\"853\" data-end=\"959\" class=\"translation-block\"><strong>Precios:<\/strong> seg\u00fan tu web y tus objetivos \u2014 <em>pide una propuesta personalizada.<\/em><\/p><p data-start=\"1870\" data-end=\"1892\">\u00a0<\/p>\t\t\t\t\t\t\t\t<\/div>\n\t\t\t\t<div class=\"elementor-element elementor-element-03bafad elementor-mobile-align-center elementor-align-center elementor-widget elementor-widget-button\" data-id=\"03bafad\" data-element_type=\"widget\" data-e-type=\"widget\" data-widget_type=\"button.default\">\n\t\t\t\t\t\t\t\t\t\t<a class=\"elementor-button elementor-button-link elementor-size-sm\" href=\"mailto:info@bloomspain.com\" target=\"_blank\">\n\t\t\t\t\t\t<span class=\"elementor-button-content-wrapper\">\n\t\t\t\t\t\t\t\t\t<span class=\"elementor-button-text\">Optimiza tu SEO \u279d<\/span>\n\t\t\t\t\t<\/span>\n\t\t\t\t\t<\/a>\n\t\t\t\t\t\t\t\t<\/div>\n\t\t\t\t<\/div>\n\t\t<div class=\"elementor-element elementor-element-cac456c e-con-full e-flex e-con e-child\" data-id=\"cac456c\" data-element_type=\"container\" data-e-type=\"container\">\n\t\t\t\t<div class=\"elementor-element elementor-element-155c8a3 elementor-widget elementor-widget-image\" data-id=\"155c8a3\" data-element_type=\"widget\" data-e-type=\"widget\" data-widget_type=\"image.default\">\n\t\t\t\t\t\t\t\t\t\t\t\t\t\t\t<img decoding=\"async\" width=\"800\" height=\"394\" src=\"https:\/\/bloomspain.com\/wp-content\/uploads\/2025\/12\/Mock-up-Google-and-Meta-ads_V1-1024x504.png\" class=\"attachment-large size-large wp-image-2258\" alt=\"Mock up Google and Meta ads_V1\" srcset=\"https:\/\/bloomspain.com\/wp-content\/uploads\/2025\/12\/Mock-up-Google-and-Meta-ads_V1-1024x504.png 1024w, https:\/\/bloomspain.com\/wp-content\/uploads\/2025\/12\/Mock-up-Google-and-Meta-ads_V1-300x148.png 300w, https:\/\/bloomspain.com\/wp-content\/uploads\/2025\/12\/Mock-up-Google-and-Meta-ads_V1-768x378.png 768w, https:\/\/bloomspain.com\/wp-content\/uploads\/2025\/12\/Mock-up-Google-and-Meta-ads_V1-1536x756.png 1536w, https:\/\/bloomspain.com\/wp-content\/uploads\/2025\/12\/Mock-up-Google-and-Meta-ads_V1-2048x1008.png 2048w\" sizes=\"(max-width: 800px) 100vw, 800px\" \/>\t\t\t\t\t\t\t\t\t\t\t\t\t\t\t<\/div>\n\t\t\t\t<div class=\"elementor-element elementor-element-667dd37 elementor-widget elementor-widget-heading\" data-id=\"667dd37\" data-element_type=\"widget\" data-e-type=\"widget\" data-widget_type=\"heading.default\">\n\t\t\t\t\t<h2 class=\"elementor-heading-title elementor-size-default\">Google &amp; Meta Ads<\/h2>\t\t\t\t<\/div>\n\t\t\t\t<div class=\"elementor-element elementor-element-6efdc23 elementor-widget elementor-widget-text-editor\" data-id=\"6efdc23\" data-element_type=\"widget\" data-e-type=\"widget\" data-widget_type=\"text-editor.default\">\n\t\t\t\t\t\t\t\t\t<p data-start=\"2209\" data-end=\"2448\"><strong data-start=\"2209\" data-end=\"2268\">Anuncios inteligentes que traen a tu cliente ideal.<br \/><\/strong><br data-start=\"2268\" data-end=\"2271\" \/>Nada de paneles confusos ni presupuestos malgastados. Configuramos campa\u00f1as simples y efectivas que funcionan para peque\u00f1os negocios \u2014 y lo monitorizamos todo para que sepas que tu dinero est\u00e1 bien invertido.<\/p><p data-start=\"1445\" data-end=\"1542\" class=\"translation-block\"><strong>Perfecto para:<\/strong> negocios que quieren m\u00e1s clientes, reservas o visibilidad.<\/p><p data-start=\"1544\" data-end=\"1651\" class=\"translation-block\"><strong>Precios:<\/strong> personalizados por proyecto, seg\u00fan la configuraci\u00f3n y tus objetivos mensuales \u2014 <em>pide una propuesta personalizada.<\/em><\/p><p data-start=\"2450\" data-end=\"2472\">\u00a0<\/p>\t\t\t\t\t\t\t\t<\/div>\n\t\t\t\t<div class=\"elementor-element elementor-element-8237eb1 elementor-mobile-align-center elementor-align-center elementor-widget elementor-widget-button\" data-id=\"8237eb1\" data-element_type=\"widget\" data-e-type=\"widget\" data-widget_type=\"button.default\">\n\t\t\t\t\t\t\t\t\t\t<a class=\"elementor-button elementor-button-link elementor-size-sm\" href=\"https:\/\/bloomspain.com\/es\/digital-marketing\/\" target=\"_blank\">\n\t\t\t\t\t\t<span class=\"elementor-button-content-wrapper\">\n\t\t\t\t\t\t\t\t\t<span class=\"elementor-button-text\">M\u00c1S INFORMACI\u00d3N \u279d<\/span>\n\t\t\t\t\t<\/span>\n\t\t\t\t\t<\/a>\n\t\t\t\t\t\t\t\t<\/div>\n\t\t\t\t<div class=\"elementor-element elementor-element-fc51242 elementor-mobile-align-center elementor-align-center elementor-widget elementor-widget-button\" data-id=\"fc51242\" data-element_type=\"widget\" data-e-type=\"widget\" data-widget_type=\"button.default\">\n\t\t\t\t\t\t\t\t\t\t<a class=\"elementor-button elementor-button-link elementor-size-sm\" href=\"mailto:info@bloomspain.com\" target=\"_blank\">\n\t\t\t\t\t\t<span class=\"elementor-button-content-wrapper\">\n\t\t\t\t\t\t\t\t\t<span class=\"elementor-button-text\">Lanza anuncios efectivos \u279d<\/span>\n\t\t\t\t\t<\/span>\n\t\t\t\t\t<\/a>\n\t\t\t\t\t\t\t\t<\/div>\n\t\t\t\t<\/div>\n\t\t\t\t\t<\/div>\n\t\t\t\t<\/div>\n\t\t<div class=\"elementor-element elementor-element-e8d7ff2 e-flex e-con-boxed e-con e-parent\" data-id=\"e8d7ff2\" data-element_type=\"container\" data-e-type=\"container\">\n\t\t\t\t\t<div class=\"e-con-inner\">\n\t\t\t\t<div class=\"elementor-element elementor-element-971f96e elementor-widget elementor-widget-spacer\" data-id=\"971f96e\" data-element_type=\"widget\" data-e-type=\"widget\" data-widget_type=\"spacer.default\">\n\t\t\t\t\t\t\t<div class=\"elementor-spacer\">\n\t\t\t<div class=\"elementor-spacer-inner\"><\/div>\n\t\t<\/div>\n\t\t\t\t\t\t<\/div>\n\t\t\t\t\t<\/div>\n\t\t\t\t<\/div>\n\t\t<div class=\"elementor-element elementor-element-cce0d26 e-flex e-con-boxed e-con e-parent\" data-id=\"cce0d26\" data-element_type=\"container\" data-e-type=\"container\">\n\t\t\t\t\t<div class=\"e-con-inner\">\n\t\t\t\t<div class=\"elementor-element elementor-element-715ccb1 elementor-widget elementor-widget-heading\" data-id=\"715ccb1\" data-element_type=\"widget\" data-e-type=\"widget\" data-widget_type=\"heading.default\">\n\t\t\t\t\t<h2 class=\"elementor-heading-title elementor-size-default\">Servicios de dise\u00f1o web y marketing digital<\/h2>\t\t\t\t<\/div>\n\t\t\t\t<div class=\"elementor-element elementor-element-878e300 elementor-widget elementor-widget-text-editor\" data-id=\"878e300\" data-element_type=\"widget\" data-e-type=\"widget\" data-widget_type=\"text-editor.default\">\n\t\t\t\t\t\t\t\t\t<p>Para que tu negocio se vea tan bien online como en la vida real.<\/p>\t\t\t\t\t\t\t\t<\/div>\n\t\t\t\t<div class=\"elementor-element elementor-element-72c5a36 elementor-widget elementor-widget-image\" data-id=\"72c5a36\" data-element_type=\"widget\" data-e-type=\"widget\" data-widget_type=\"image.default\">\n\t\t\t\t\t\t\t\t\t\t\t\t\t\t\t<img loading=\"lazy\" decoding=\"async\" width=\"2000\" height=\"1501\" src=\"https:\/\/bloomspain.com\/wp-content\/uploads\/2025\/12\/Business-Cards-Shot_Bloom-Office-Almunecar_Webdesign-and-Digital-Marketing.jpg\" class=\"attachment-full size-full wp-image-1915\" alt=\"Web Design and Digital Marketing services Business Cards Shot_Bloom Office Almun\u0303ecar_Webdesign and Digital Marketing\" srcset=\"https:\/\/bloomspain.com\/wp-content\/uploads\/2025\/12\/Business-Cards-Shot_Bloom-Office-Almunecar_Webdesign-and-Digital-Marketing.jpg 2000w, https:\/\/bloomspain.com\/wp-content\/uploads\/2025\/12\/Business-Cards-Shot_Bloom-Office-Almunecar_Webdesign-and-Digital-Marketing-300x225.jpg 300w, https:\/\/bloomspain.com\/wp-content\/uploads\/2025\/12\/Business-Cards-Shot_Bloom-Office-Almunecar_Webdesign-and-Digital-Marketing-1024x769.jpg 1024w, https:\/\/bloomspain.com\/wp-content\/uploads\/2025\/12\/Business-Cards-Shot_Bloom-Office-Almunecar_Webdesign-and-Digital-Marketing-768x576.jpg 768w, https:\/\/bloomspain.com\/wp-content\/uploads\/2025\/12\/Business-Cards-Shot_Bloom-Office-Almunecar_Webdesign-and-Digital-Marketing-1536x1153.jpg 1536w\" sizes=\"(max-width: 2000px) 100vw, 2000px\" \/>\t\t\t\t\t\t\t\t\t\t\t\t\t\t\t<\/div>\n\t\t\t\t\t<\/div>\n\t\t\t\t<\/div>\n\t\t\t\t<\/div>","protected":false},"excerpt":{"rendered":"<p>Web Design and Digital Marketing services, working with small businesses across the Costa Tropical. our services WordPress Webdesign Clean, fast, and built with sence. Your website should look great \u2014 but more importantly, it should work. Clear navigation, strong structure, mobile-friendly (responsive), and built so you understand what happens behind the scenes. Perfect for: small [&hellip;]<\/p>\n","protected":false},"author":1,"featured_media":0,"parent":0,"menu_order":0,"comment_status":"closed","ping_status":"closed","template":"","meta":{"footnotes":""},"class_list":["post-23","page","type-page","status-publish","hentry"],"_links":{"self":[{"href":"https:\/\/bloomspain.com\/es\/wp-json\/wp\/v2\/pages\/23","targetHints":{"allow":["GET"]}}],"collection":[{"href":"https:\/\/bloomspain.com\/es\/wp-json\/wp\/v2\/pages"}],"about":[{"href":"https:\/\/bloomspain.com\/es\/wp-json\/wp\/v2\/types\/page"}],"author":[{"embeddable":true,"href":"https:\/\/bloomspain.com\/es\/wp-json\/wp\/v2\/users\/1"}],"replies":[{"embeddable":true,"href":"https:\/\/bloomspain.com\/es\/wp-json\/wp\/v2\/comments?post=23"}],"version-history":[{"count":175,"href":"https:\/\/bloomspain.com\/es\/wp-json\/wp\/v2\/pages\/23\/revisions"}],"predecessor-version":[{"id":3084,"href":"https:\/\/bloomspain.com\/es\/wp-json\/wp\/v2\/pages\/23\/revisions\/3084"}],"wp:attachment":[{"href":"https:\/\/bloomspain.com\/es\/wp-json\/wp\/v2\/media?parent=23"}],"curies":[{"name":"wp","href":"https:\/\/api.w.org\/{rel}","templated":true}]}}