{"id":19,"date":"2025-11-27T10:55:09","date_gmt":"2025-11-27T10:55:09","guid":{"rendered":"https:\/\/bloomspain.com\/?page_id=19"},"modified":"2026-01-04T08:18:32","modified_gmt":"2026-01-04T08:18:32","slug":"about","status":"publish","type":"page","link":"https:\/\/bloomspain.com\/es\/about\/","title":{"rendered":"Sobre"},"content":{"rendered":"<div data-elementor-type=\"wp-page\" data-elementor-id=\"19\" class=\"elementor elementor-19\" data-elementor-post-type=\"page\">\n\t\t\t\t<div class=\"elementor-element elementor-element-7dd8db2e e-con-full e-flex e-con e-parent\" data-id=\"7dd8db2e\" data-element_type=\"container\" data-e-type=\"container\" data-settings=\"{&quot;background_background&quot;:&quot;classic&quot;}\">\n\t\t\t\t<div class=\"elementor-element elementor-element-5d399f6 animated-slow elementor-invisible elementor-widget elementor-widget-heading\" data-id=\"5d399f6\" data-element_type=\"widget\" data-e-type=\"widget\" data-settings=\"{&quot;_animation&quot;:&quot;slideInUp&quot;}\" data-widget_type=\"heading.default\">\n\t\t\t\t\t<h2 class=\"elementor-heading-title elementor-size-default\">Esto es BLOOM.<\/h2>\t\t\t\t<\/div>\n\t\t\t\t<div class=\"elementor-element elementor-element-335d42fc animated-slow elementor-invisible elementor-widget elementor-widget-heading\" data-id=\"335d42fc\" data-element_type=\"widget\" data-e-type=\"widget\" data-settings=\"{&quot;_animation&quot;:&quot;slideInUp&quot;}\" data-widget_type=\"heading.default\">\n\t\t\t\t\t<h2 class=\"elementor-heading-title elementor-size-default\">Sobre nosotros<\/h2>\t\t\t\t<\/div>\n\t\t<div class=\"elementor-element elementor-element-c771e8d e-con-full e-flex e-con e-child\" data-id=\"c771e8d\" data-element_type=\"container\" data-e-type=\"container\">\n\t\t<div class=\"elementor-element elementor-element-1471f2f9 e-con-full e-flex e-con e-child\" data-id=\"1471f2f9\" data-element_type=\"container\" data-e-type=\"container\">\n\t\t\t\t<div class=\"elementor-element elementor-element-d2dcf0e elementor-blockquote--skin-quotation elementor-blockquote--align-center elementor-widget elementor-widget-blockquote\" data-id=\"d2dcf0e\" data-element_type=\"widget\" data-e-type=\"widget\" data-widget_type=\"blockquote.default\">\n\t\t\t\t\t\t\t<blockquote class=\"elementor-blockquote\">\n\t\t\t<p class=\"elementor-blockquote__content\">\n\t\t\t\tTrae tu idea. Yo te ayudo con el resto.\t\t\t<\/p>\n\t\t\t\t\t<\/blockquote>\n\t\t\t\t\t\t<\/div>\n\t\t<div class=\"elementor-element elementor-element-71c2a48 e-con-full e-flex e-con e-child\" data-id=\"71c2a48\" data-element_type=\"container\" data-e-type=\"container\">\n\t\t\t\t<div class=\"elementor-element elementor-element-2eb982d8 elementor-widget elementor-widget-text-editor\" data-id=\"2eb982d8\" data-element_type=\"widget\" data-e-type=\"widget\" data-widget_type=\"text-editor.default\">\n\t\t\t\t\t\t\t\t\t<h2 data-start=\"876\" data-end=\"906\">Mi historia<\/h2><p data-start=\"416\" data-end=\"651\"><strong data-start=\"416\" data-end=\"484\">Dise\u00f1adora web en Almu\u00f1\u00e9car \u2014 Conoce a Denise, la persona detr\u00e1s de Bloom \u273d. <\/strong>Soy neerlandesa y vivo felizmente en Almu\u00f1\u00e9car con Andy y nuestra peque\u00f1a hija Chlo\u00e9, que a\u00fan no tiene ni un a\u00f1o. La vida est\u00e1 llena, a veces un poco ca\u00f3tica, pero realmente la adoro.<\/p><p data-start=\"1251\" data-end=\"1596\" class=\"translation-block\">Bloom creci\u00f3 de forma natural a partir de algo que ya me encantaba hacer: <strong>ayudar a las personas a sentirse seguras online<\/strong>, especialmente aqu\u00ed en Espa\u00f1a. Mudarse de pa\u00eds, desenvolverse en los sistemas espa\u00f1oles, empezar un negocio \u2014 s\u00e9 perfectamente lo abrumador que puede llegar a ser. Crear sitios web limpios y organizados para otros peque\u00f1os negocios se convirti\u00f3 en algo que de verdad me hac\u00eda feliz.<\/p><p data-start=\"1598\" data-end=\"1884\">Today, Bloom is a <strong data-start=\"1616\" data-end=\"1642\">calm, organised studio<\/strong> where nothing is rushed, communication is clear, and your project gets the attention it deserves.\u00a0I focus on building websites that look beautiful, work perfectly, and make your everyday business life easier.<\/p><p data-start=\"1886\" data-end=\"2237\">Creo que los sitios web no deber\u00edan sentirse abrumadores ni \u201cdemasiado t\u00e9cnicos\u201d. Deber\u00edan simplemente hacer lo que tienen que hacer: contar tu historia con claridad, cargar r\u00e1pido y ayudar a que la gente te encuentre \u2014 tanto online como en la vida real. Por eso mantengo el proceso simple, transparente y personalizado. Trabajamos juntos, paso a paso, sin presi\u00f3n ni lenguaje confuso.<\/p><h2 data-start=\"1465\" data-end=\"1502\"><strong data-start=\"1468\" data-end=\"1502\">Lo que creemos<\/strong><\/h2><p data-start=\"1503\" data-end=\"1545\"><strong>Bloom se basa en unos pocos principios simples:<\/strong><\/p><p data-start=\"1547\" data-end=\"1913\" class=\"translation-block\"><strong>Claridad ante todo.<\/strong> Sin tecnicismos, sin caos, sin pasos ocultos.<br>\n<strong>Calidad antes que cantidad.<\/strong> Aceptamos un n\u00famero limitado de proyectos cada mes.<br>\n<strong>Webs con prop\u00f3sito.<\/strong> Limpias, r\u00e1pidas y f\u00e1ciles de usar \u2014 sin dise\u00f1o innecesario.<br>\n<strong>Tu negocio, tu ritmo.<\/strong> Guiamos, explicamos y construimos sin presi\u00f3n.<br>\n<strong>Conexi\u00f3n real.<\/strong> Trabajas directamente conmigo, no con un equipo que cambia cada semana.<\/p><p data-start=\"1547\" data-end=\"1913\"><strong>And that\u2019s the heart of Bloom:<\/strong><br data-start=\"2910\" data-end=\"2913\" \/>A small studio in Almu\u00f1\u00e9car helping small businesses look good online \u2014 with clean design, honest communication and websites built with care.\u00a0I\u2019m here to make the digital side of your business feel simple, organised, and finally under control.<\/p><p data-start=\"1547\" data-end=\"1913\">I understand what small businesses in Spain need: a website that feels simple, looks beautiful and works flawlessly on every device. Many of my clients tell me they used to feel overwhelmed by builders, plugins or templates that never looked right. My job is to remove that stress completely.<\/p>\t\t\t\t\t\t\t\t<\/div>\n\t\t\t\t<div class=\"elementor-element elementor-element-95e1337 elementor-widget elementor-widget-image\" data-id=\"95e1337\" data-element_type=\"widget\" data-e-type=\"widget\" data-widget_type=\"image.default\">\n\t\t\t\t\t\t\t\t\t\t\t\t\t\t\t<img fetchpriority=\"high\" decoding=\"async\" width=\"1921\" height=\"2560\" src=\"https:\/\/bloomspain.com\/wp-content\/uploads\/2025\/12\/Denise-Transparant-Background-2.png-scaled.png\" class=\"attachment-full size-full wp-image-1916\" alt=\"Denise Web Designer Almu\u00f1\u00e9car Background 2.png\" srcset=\"https:\/\/bloomspain.com\/wp-content\/uploads\/2025\/12\/Denise-Transparant-Background-2.png-scaled.png 1921w, https:\/\/bloomspain.com\/wp-content\/uploads\/2025\/12\/Denise-Transparant-Background-2.png-225x300.png 225w, https:\/\/bloomspain.com\/wp-content\/uploads\/2025\/12\/Denise-Transparant-Background-2.png-768x1023.png 768w, https:\/\/bloomspain.com\/wp-content\/uploads\/2025\/12\/Denise-Transparant-Background-2.png-1153x1536.png 1153w, https:\/\/bloomspain.com\/wp-content\/uploads\/2025\/12\/Denise-Transparant-Background-2.png-1537x2048.png 1537w\" sizes=\"(max-width: 1921px) 100vw, 1921px\" \/>\t\t\t\t\t\t\t\t\t\t\t\t\t\t\t<\/div>\n\t\t\t\t<\/div>\n\t\t\t\t<\/div>\n\t\t\t\t<\/div>\n\t\t\t\t<\/div>\n\t\t<div class=\"elementor-element elementor-element-23284827 e-con-full e-flex e-con e-parent\" data-id=\"23284827\" data-element_type=\"container\" data-e-type=\"container\" data-settings=\"{&quot;background_background&quot;:&quot;classic&quot;}\">\n\t\t<div class=\"elementor-element elementor-element-7904ca29 e-flex e-con-boxed e-con e-child\" data-id=\"7904ca29\" data-element_type=\"container\" data-e-type=\"container\">\n\t\t\t\t\t<div class=\"e-con-inner\">\n\t\t\t\t<div class=\"elementor-element elementor-element-73bb639e elementor-widget elementor-widget-heading\" data-id=\"73bb639e\" data-element_type=\"widget\" data-e-type=\"widget\" data-widget_type=\"heading.default\">\n\t\t\t\t\t<p class=\"elementor-heading-title elementor-size-default\">Bloom est\u00e1 aqu\u00ed para ti.<\/p>\t\t\t\t<\/div>\n\t\t\t\t<div class=\"elementor-element elementor-element-3550ed38 elementor-widget elementor-widget-heading\" data-id=\"3550ed38\" data-element_type=\"widget\" data-e-type=\"widget\" data-widget_type=\"heading.default\">\n\t\t\t\t\t<h2 class=\"elementor-heading-title elementor-size-default\">C\u00d3MO TRABAJA BLOOM<\/h2>\t\t\t\t<\/div>\n\t\t\t\t\t<\/div>\n\t\t\t\t<\/div>\n\t\t<div class=\"elementor-element elementor-element-331dba98 e-flex e-con-boxed e-con e-child\" data-id=\"331dba98\" data-element_type=\"container\" data-e-type=\"container\">\n\t\t\t\t\t<div class=\"e-con-inner\">\n\t\t<div class=\"elementor-element elementor-element-44a970e8 e-con-full e-flex elementor-invisible e-con e-child\" data-id=\"44a970e8\" data-element_type=\"container\" data-e-type=\"container\" data-settings=\"{&quot;animation&quot;:&quot;fadeInUp&quot;}\">\n\t\t\t\t<div class=\"elementor-element elementor-element-1c0060 elementor-cta--layout-image-above elementor-cta--valign-middle elementor-cta--skin-classic elementor-animated-content elementor-bg-transform elementor-bg-transform-zoom-in elementor-widget elementor-widget-call-to-action\" data-id=\"1c0060\" data-element_type=\"widget\" data-e-type=\"widget\" data-widget_type=\"call-to-action.default\">\n\t\t\t\t\t\t\t<div class=\"elementor-cta\">\n\t\t\t\t\t<div class=\"elementor-cta__bg-wrapper\">\n\t\t\t\t<div class=\"elementor-cta__bg elementor-bg\" style=\"background-image: url(https:\/\/bloomspain.com\/wp-content\/uploads\/2025\/12\/Details-Shot_Bloom-Office-Almunecar_Webdesign-and-Digital-Marketing-768x1024.jpg);\" role=\"img\" aria-label=\"Details Shot_Bloom Office Almun\u0303ecar_Webdesign and Digital Marketing\"><\/div>\n\t\t\t\t<div class=\"elementor-cta__bg-overlay\"><\/div>\n\t\t\t<\/div>\n\t\t\t\t\t\t\t<div class=\"elementor-cta__content\">\n\t\t\t\t\n\t\t\t\t\t\t\t\t\t<h3 class=\"elementor-cta__title elementor-cta__content-item elementor-content-item\">\n\t\t\t\t\t\t01 \u2014 Te escuchamos\t\t\t\t\t<\/h3>\n\t\t\t\t\n\t\t\t\t\t\t\t\t\t<div class=\"elementor-cta__description elementor-cta__content-item elementor-content-item\">\n\t\t\t\t\t\tEmpezamos con una conversaci\u00f3n clara. En nuestra oficina en Almu\u00f1\u00e9car, por tel\u00e9fono, videollamada o email. T\u00fa nos cuentas lo que quieres, lo que no quieres y lo que tu negocio necesita.\t\t\t\t\t<\/div>\n\t\t\t\t\n\t\t\t\t\t\t\t<\/div>\n\t\t\t\t\t\t<\/div>\n\t\t\t\t\t\t<\/div>\n\t\t\t\t<\/div>\n\t\t<div class=\"elementor-element elementor-element-10597be4 e-con-full e-flex elementor-invisible e-con e-child\" data-id=\"10597be4\" data-element_type=\"container\" data-e-type=\"container\" data-settings=\"{&quot;animation&quot;:&quot;fadeInUp&quot;,&quot;animation_delay&quot;:&quot;200&quot;}\">\n\t\t\t\t<div class=\"elementor-element elementor-element-451ceb70 elementor-cta--layout-image-above elementor-cta--valign-middle elementor-cta--skin-classic elementor-animated-content elementor-bg-transform elementor-bg-transform-zoom-in elementor-widget elementor-widget-call-to-action\" data-id=\"451ceb70\" data-element_type=\"widget\" data-e-type=\"widget\" data-widget_type=\"call-to-action.default\">\n\t\t\t\t\t\t\t<div class=\"elementor-cta\">\n\t\t\t\t\t<div class=\"elementor-cta__bg-wrapper\">\n\t\t\t\t<div class=\"elementor-cta__bg elementor-bg\" style=\"background-image: url(https:\/\/bloomspain.com\/wp-content\/uploads\/2025\/12\/Workspaces_Bloom-Office-Almunecar_Webdesign-and-Digital-Marketing-1024x769.jpg);\" role=\"img\" aria-label=\"Contact us Workspaces_Bloom Office Almun\u0303ecar_Webdesign and Digital Marketing\"><\/div>\n\t\t\t\t<div class=\"elementor-cta__bg-overlay\"><\/div>\n\t\t\t<\/div>\n\t\t\t\t\t\t\t<div class=\"elementor-cta__content\">\n\t\t\t\t\n\t\t\t\t\t\t\t\t\t<h3 class=\"elementor-cta__title elementor-cta__content-item elementor-content-item\">\n\t\t\t\t\t\t02 \u2014 Construimos\t\t\t\t\t<\/h3>\n\t\t\t\t\n\t\t\t\t\t\t\t\t\t<div class=\"elementor-cta__description elementor-cta__content-item elementor-content-item\">\n\t\t\t\t\t\tEl dise\u00f1o, la estructura y el contenido empiezan a tomar forma. Recibes actualizaciones, previsualizaciones y espacio para dar tu feedback.\t\t\t\t\t<\/div>\n\t\t\t\t\n\t\t\t\t\t\t\t<\/div>\n\t\t\t\t\t\t<\/div>\n\t\t\t\t\t\t<\/div>\n\t\t\t\t<\/div>\n\t\t<div class=\"elementor-element elementor-element-5a1ef1f7 e-con-full e-flex elementor-invisible e-con e-child\" data-id=\"5a1ef1f7\" data-element_type=\"container\" data-e-type=\"container\" data-settings=\"{&quot;animation&quot;:&quot;fadeInUp&quot;,&quot;animation_delay&quot;:&quot;300&quot;}\">\n\t\t\t\t<div class=\"elementor-element elementor-element-4365efff elementor-cta--layout-image-above elementor-cta--valign-middle elementor-cta--skin-classic elementor-animated-content elementor-bg-transform elementor-bg-transform-zoom-in elementor-widget elementor-widget-call-to-action\" data-id=\"4365efff\" data-element_type=\"widget\" data-e-type=\"widget\" data-widget_type=\"call-to-action.default\">\n\t\t\t\t\t\t\t<div class=\"elementor-cta\">\n\t\t\t\t\t<div class=\"elementor-cta__bg-wrapper\">\n\t\t\t\t<div class=\"elementor-cta__bg elementor-bg\" style=\"background-image: url(https:\/\/bloomspain.com\/wp-content\/uploads\/2025\/12\/Clients-Seating-Area_Bloom-Office-Almunecar_Webdesign-and-Digital-Marketing-1024x769.jpg);\" role=\"img\" aria-label=\"Clients Seating Area_Bloom Office Almun\u0303ecar_Webdesign and Digital Marketing\"><\/div>\n\t\t\t\t<div class=\"elementor-cta__bg-overlay\"><\/div>\n\t\t\t<\/div>\n\t\t\t\t\t\t\t<div class=\"elementor-cta__content\">\n\t\t\t\t\n\t\t\t\t\t\t\t\t\t<h3 class=\"elementor-cta__title elementor-cta__content-item elementor-content-item\">\n\t\t\t\t\t\t03 \u2014 Lanzamos\t\t\t\t\t<\/h3>\n\t\t\t\t\n\t\t\t\t\t\t\t\t\t<div class=\"elementor-cta__description elementor-cta__content-item elementor-content-item\">\n\t\t\t\t\t\tPublicamos tu web con calma. Te explicamos lo b\u00e1sico y te vas con una p\u00e1gina con la que est\u00e1s contenta y que puedes actualizar t\u00fa misma si quieres.\t\t\t\t\t<\/div>\n\t\t\t\t\n\t\t\t\t\t\t\t<\/div>\n\t\t\t\t\t\t<\/div>\n\t\t\t\t\t\t<\/div>\n\t\t\t\t<\/div>\n\t\t\t\t\t<\/div>\n\t\t\t\t<\/div>\n\t\t\t\t<\/div>\n\t\t<div class=\"elementor-element elementor-element-eeca3e8 e-flex e-con-boxed e-con e-parent\" data-id=\"eeca3e8\" data-element_type=\"container\" data-e-type=\"container\">\n\t\t\t\t\t<div class=\"e-con-inner\">\n\t\t\t\t<div class=\"elementor-element elementor-element-d934587 elementor-widget elementor-widget-text-editor\" data-id=\"d934587\" data-element_type=\"widget\" data-e-type=\"widget\" data-widget_type=\"text-editor.default\">\n\t\t\t\t\t\t\t\t\t<p data-start=\"1400\" data-end=\"1749\" class=\"translation-block\">Mantengo todo el proceso <strong>personal y organizado<\/strong>. Empezamos con un plan claro, analizamos tus objetivos y el estilo que te gusta, y te gu\u00edo en cada paso. Sin lenguaje complicado, sin presi\u00f3n y sin sorpresas por el camino. Mi objetivo es siempre el mismo: crear una web de la que te sientas orgulloso\/a, que represente de verdad tu negocio y te ayude a crecer.<\/p><p data-start=\"1751\" data-end=\"2006\">Y como vivo y trabajo aqu\u00ed en Almu\u00f1\u00e9car, conozco bien la zona, la comunidad y las necesidades locales. Tanto si tus clientes son turistas, expatriados o residentes, tu web estar\u00e1 dise\u00f1ada con el mensaje y la estructura adecuados para que puedan encontrarte f\u00e1cilmente.<\/p>\t\t\t\t\t\t\t\t<\/div>\n\t\t\t\t\t<\/div>\n\t\t\t\t<\/div>\n\t\t<div class=\"elementor-element elementor-element-445cd5c e-flex e-con-boxed e-con e-parent\" data-id=\"445cd5c\" data-element_type=\"container\" data-e-type=\"container\">\n\t\t\t\t\t<div class=\"e-con-inner\">\n\t\t\t\t<div class=\"elementor-element elementor-element-1d68a096 elementor-align-center elementor-widget elementor-widget-button\" data-id=\"1d68a096\" data-element_type=\"widget\" data-e-type=\"widget\" data-widget_type=\"button.default\">\n\t\t\t\t\t\t\t\t\t\t<a class=\"elementor-button elementor-button-link elementor-size-sm elementor-animation-float\" href=\"mailto:info@bloomspain.com\">\n\t\t\t\t\t\t<span class=\"elementor-button-content-wrapper\">\n\t\t\t\t\t\t\t\t\t<span class=\"elementor-button-text\">Haz una pregunta<\/span>\n\t\t\t\t\t<\/span>\n\t\t\t\t\t<\/a>\n\t\t\t\t\t\t\t\t<\/div>\n\t\t\t\t\t<\/div>\n\t\t\t\t<\/div>\n\t\t<div class=\"elementor-element elementor-element-1d5c79b8 e-con-full e-flex e-con e-parent\" data-id=\"1d5c79b8\" data-element_type=\"container\" data-e-type=\"container\" data-settings=\"{&quot;background_background&quot;:&quot;classic&quot;}\">\n\t\t\t\t<div class=\"elementor-element elementor-element-49744dae elementor-widget__width-initial elementor-widget elementor-widget-image\" data-id=\"49744dae\" data-element_type=\"widget\" data-e-type=\"widget\" data-widget_type=\"image.default\">\n\t\t\t\t\t\t\t\t\t\t\t\t\t\t\t<img decoding=\"async\" width=\"1921\" height=\"2560\" src=\"https:\/\/bloomspain.com\/wp-content\/uploads\/2025\/12\/Denise-Behind-Desk-6_Bloom-Office-Almunecar_Webdesign-and-Digital-Marketing-scaled.jpg\" class=\"attachment-full size-full wp-image-1905\" alt=\"Denise Behind Desk 6_Bloom Office Almun\u0303ecar_Webdesign and Digital Marketing\" srcset=\"https:\/\/bloomspain.com\/wp-content\/uploads\/2025\/12\/Denise-Behind-Desk-6_Bloom-Office-Almunecar_Webdesign-and-Digital-Marketing-scaled.jpg 1921w, https:\/\/bloomspain.com\/wp-content\/uploads\/2025\/12\/Denise-Behind-Desk-6_Bloom-Office-Almunecar_Webdesign-and-Digital-Marketing-225x300.jpg 225w, https:\/\/bloomspain.com\/wp-content\/uploads\/2025\/12\/Denise-Behind-Desk-6_Bloom-Office-Almunecar_Webdesign-and-Digital-Marketing-768x1023.jpg 768w, https:\/\/bloomspain.com\/wp-content\/uploads\/2025\/12\/Denise-Behind-Desk-6_Bloom-Office-Almunecar_Webdesign-and-Digital-Marketing-1153x1536.jpg 1153w, https:\/\/bloomspain.com\/wp-content\/uploads\/2025\/12\/Denise-Behind-Desk-6_Bloom-Office-Almunecar_Webdesign-and-Digital-Marketing-1537x2048.jpg 1537w\" sizes=\"(max-width: 1921px) 100vw, 1921px\" \/>\t\t\t\t\t\t\t\t\t\t\t\t\t\t\t<\/div>\n\t\t<div class=\"elementor-element elementor-element-5a98cd4 e-con-full e-flex e-con e-child\" data-id=\"5a98cd4\" data-element_type=\"container\" data-e-type=\"container\">\n\t\t\t\t<div class=\"elementor-element elementor-element-2736de89 elementor-widget elementor-widget-heading\" data-id=\"2736de89\" data-element_type=\"widget\" data-e-type=\"widget\" data-widget_type=\"heading.default\">\n\t\t\t\t\t<p class=\"elementor-heading-title elementor-size-default\">Si est\u00e1s buscando una dise\u00f1adora web en Almu\u00f1\u00e9car que se comunique con claridad y mantenga las cosas simples, est\u00e1s en el lugar adecuado.<\/p>\t\t\t\t<\/div>\n\t\t\t\t<div class=\"elementor-element elementor-element-6ced970f elementor-widget elementor-widget-heading\" data-id=\"6ced970f\" data-element_type=\"widget\" data-e-type=\"widget\" data-widget_type=\"heading.default\">\n\t\t\t\t\t<h2 class=\"elementor-heading-title elementor-size-default\">HAGAMOS FLORECER TU IDEA DE NEGOCIO.<\/h2>\t\t\t\t<\/div>\n\t\t\t\t<div class=\"elementor-element elementor-element-45247214 elementor-widget elementor-widget-text-editor\" data-id=\"45247214\" data-element_type=\"widget\" data-e-type=\"widget\" data-widget_type=\"text-editor.default\">\n\t\t\t\t\t\t\t\t\t<p>Si te gustar\u00eda explorar la posibilidad de trabajar juntos, siempre eres bienvenido\/a a enviar un mensaje o pasarte por la oficina de Bloom en Almu\u00f1\u00e9car.\u00a0<\/p>\t\t\t\t\t\t\t\t<\/div>\n\t\t\t\t<div class=\"elementor-element elementor-element-03b0236 elementor-widget elementor-widget-button\" data-id=\"03b0236\" data-element_type=\"widget\" data-e-type=\"widget\" data-widget_type=\"button.default\">\n\t\t\t\t\t\t\t\t\t\t<a class=\"elementor-button elementor-button-link elementor-size-sm\" href=\"https:\/\/calendly.com\/bloomspain-info\/free-consultation-60-min\" target=\"_blank\" rel=\"noopener\">\n\t\t\t\t\t\t<span class=\"elementor-button-content-wrapper\">\n\t\t\t\t\t\t\t\t\t<span class=\"elementor-button-text\">Reserva una consulta gratuita \u279d<\/span>\n\t\t\t\t\t<\/span>\n\t\t\t\t\t<\/a>\n\t\t\t\t\t\t\t\t<\/div>\n\t\t\t\t<div class=\"elementor-element elementor-element-9bba83f elementor-widget elementor-widget-button\" data-id=\"9bba83f\" data-element_type=\"widget\" data-e-type=\"widget\" data-widget_type=\"button.default\">\n\t\t\t\t\t\t\t\t\t\t<a class=\"elementor-button elementor-button-link elementor-size-sm\" href=\"https:\/\/bloomspain.com\/es\/services\/\" target=\"_blank\">\n\t\t\t\t\t\t<span class=\"elementor-button-content-wrapper\">\n\t\t\t\t\t\t\t\t\t<span class=\"elementor-button-text\">Ver todos mis servicios \u279d<\/span>\n\t\t\t\t\t<\/span>\n\t\t\t\t\t<\/a>\n\t\t\t\t\t\t\t\t<\/div>\n\t\t\t\t<\/div>\n\t\t\t\t<\/div>\n\t\t\t\t<\/div>","protected":false},"excerpt":{"rendered":"<p>THIS IS BLOOM. about us Bring your idea. I\u2019ll help you shape the rest. My Story Web Designer Almu\u00f1\u00e9car \u2014 Meet Denise, the person behind Bloom \u273d. I\u2019m Dutch, happily settled in Almu\u00f1\u00e9car with Andy and our little daughter Chlo\u00e9, who\u2019s not even one yet. Life is full, sometimes a bit chaotic, but I truly [&hellip;]<\/p>\n","protected":false},"author":1,"featured_media":0,"parent":0,"menu_order":0,"comment_status":"closed","ping_status":"closed","template":"elementor_header_footer","meta":{"footnotes":""},"class_list":["post-19","page","type-page","status-publish","hentry"],"_links":{"self":[{"href":"https:\/\/bloomspain.com\/es\/wp-json\/wp\/v2\/pages\/19","targetHints":{"allow":["GET"]}}],"collection":[{"href":"https:\/\/bloomspain.com\/es\/wp-json\/wp\/v2\/pages"}],"about":[{"href":"https:\/\/bloomspain.com\/es\/wp-json\/wp\/v2\/types\/page"}],"author":[{"embeddable":true,"href":"https:\/\/bloomspain.com\/es\/wp-json\/wp\/v2\/users\/1"}],"replies":[{"embeddable":true,"href":"https:\/\/bloomspain.com\/es\/wp-json\/wp\/v2\/comments?post=19"}],"version-history":[{"count":275,"href":"https:\/\/bloomspain.com\/es\/wp-json\/wp\/v2\/pages\/19\/revisions"}],"predecessor-version":[{"id":3294,"href":"https:\/\/bloomspain.com\/es\/wp-json\/wp\/v2\/pages\/19\/revisions\/3294"}],"wp:attachment":[{"href":"https:\/\/bloomspain.com\/es\/wp-json\/wp\/v2\/media?parent=19"}],"curies":[{"name":"wp","href":"https:\/\/api.w.org\/{rel}","templated":true}]}}